{"id":24,"date":"2015-11-22T16:48:06","date_gmt":"2015-11-22T15:48:06","guid":{"rendered":"http:\/\/ipa-vbst-koenigs-wusterhausen.de\/blog\/?page_id=24"},"modified":"2015-11-22T16:51:13","modified_gmt":"2015-11-22T15:51:13","slug":"servoe-per-amikeco","status":"publish","type":"page","link":"https:\/\/ipa-vbst-koenigs-wusterhausen.de\/blog\/","title":{"rendered":"Servo per amikeco"},"content":{"rendered":"<p>Getreu diesem Motto trafen sich am 03. Juni 2006 um 10:00 Uhr eine Vielzahl von IPA-Mitgliedern aus dem damaligen Schutzbereich Dahme \u2013 Spreewald, um eine eigene Verbindungsstelle zu gr\u00fcnden. Die Vorbereitungen dazu liefen \u00fcber einen Zeitraum von etwa 8 Monaten, in denen es den Initiatorinnen Babett Goeddaeus, Mandy Lukas, Katrin Kowatsch und Kerstin Ohde-Paschedag gelang, eine F\u00fclle von IPA-Freunden f\u00fcr die neue Verbindungsstelle zu gewinnen.<\/p>\n<p>Der Aufbau dieser Organisation in K\u00f6nigs Wusterhausen wurde breitfl\u00e4chig unterst\u00fctzt, sodass als G\u00e4ste auf der Gr\u00fcndungsveranstaltung Vertreter aus Politik und aus den IPA \u2013 Verbindungsstellen in Brandenburg an der Havel, Cottbus, Frankfurt\/Oder, Ruppiner Land, Oranienburg und Strausberg begr\u00fc\u00dft werden konnten. Auch der damalige Leiter des Schutzbereiches, IPA-Freund Zimmerling, lie\u00df es sich nicht nehmen, als Gr\u00fcndungsmitglied der Veranstaltung beizuwohnen.<\/p>\n<p>Mit dem Tag ihrer Gr\u00fcndung verf\u00fcgte die IPA \u2013 Verbindungsstelle in K\u00f6nigs Wusterhausen \u00fcber 26 Mitglieder. Mittlerweile hat sich die Anzahl mehr als verdoppelt. Und auch wenn sich der Vorstand \u00fcber die Jahre personell ver\u00e4nderte, so ist er noch immer weltweit der einzige, der ausschlie\u00dflich von Frauen gef\u00fchrt wird.<\/p>\n<p>Im Laufe der Zeit ist es uns gelungen, ein aktives IPA \u2013 Leben unter Einbeziehung der Familie in der Verbindungsstelle zu etablieren. Dar\u00fcber hinaus konnten verschiedene internationale Kontakte gekn\u00fcpft und dauerhaft gepflegt werden.<\/p>\n","protected":false},"excerpt":{"rendered":"<p>Getreu diesem Motto trafen sich am 03. Juni 2006 um 10:00 Uhr eine Vielzahl von IPA-Mitgliedern aus dem damaligen Schutzbereich Dahme \u2013 Spreewald, um eine eigene Verbindungsstelle zu gr\u00fcnden. Die Vorbereitungen dazu liefen \u00fcber einen Zeitraum von etwa 8 Monaten, in denen es den Initiatorinnen Babett Goeddaeus, Mandy Lukas, Katrin Kowatsch und Kerstin Ohde-Paschedag gelang, &hellip; <a href=\"https:\/\/ipa-vbst-koenigs-wusterhausen.de\/blog\/\" class=\"more-link\"><span class=\"screen-reader-text\">Servo per amikeco<\/span> weiterlesen<\/a><\/p>\n","protected":false},"author":1,"featured_media":0,"parent":0,"menu_order":0,"comment_status":"closed","ping_status":"closed","template":"","meta":{"footnotes":""},"class_list":["post-24","page","type-page","status-publish","hentry"],"_links":{"self":[{"href":"https:\/\/ipa-vbst-koenigs-wusterhausen.de\/blog\/index.php?rest_route=\/wp\/v2\/pages\/24","targetHints":{"allow":["GET"]}}],"collection":[{"href":"https:\/\/ipa-vbst-koenigs-wusterhausen.de\/blog\/index.php?rest_route=\/wp\/v2\/pages"}],"about":[{"href":"https:\/\/ipa-vbst-koenigs-wusterhausen.de\/blog\/index.php?rest_route=\/wp\/v2\/types\/page"}],"author":[{"embeddable":true,"href":"https:\/\/ipa-vbst-koenigs-wusterhausen.de\/blog\/index.php?rest_route=\/wp\/v2\/users\/1"}],"replies":[{"embeddable":true,"href":"https:\/\/ipa-vbst-koenigs-wusterhausen.de\/blog\/index.php?rest_route=%2Fwp%2Fv2%2Fcomments&post=24"}],"version-history":[{"count":3,"href":"https:\/\/ipa-vbst-koenigs-wusterhausen.de\/blog\/index.php?rest_route=\/wp\/v2\/pages\/24\/revisions"}],"predecessor-version":[{"id":27,"href":"https:\/\/ipa-vbst-koenigs-wusterhausen.de\/blog\/index.php?rest_route=\/wp\/v2\/pages\/24\/revisions\/27"}],"wp:attachment":[{"href":"https:\/\/ipa-vbst-koenigs-wusterhausen.de\/blog\/index.php?rest_route=%2Fwp%2Fv2%2Fmedia&parent=24"}],"curies":[{"name":"wp","href":"https:\/\/api.w.org\/{rel}","templated":true}]}}